{"id":5947,"date":"2020-09-10T15:48:13","date_gmt":"2020-09-10T15:48:13","guid":{"rendered":"https:\/\/dmsc-int.com\/blog\/"},"modified":"2023-03-07T17:22:06","modified_gmt":"2023-03-07T17:22:06","slug":"blog","status":"publish","type":"page","link":"https:\/\/dmsc-int.com\/en\/blog\/","title":{"rendered":"Blog"},"content":{"rendered":"[et_pb_section fb_built=&#8221;1&#8243; admin_label=&#8221;Hero&#8221; _builder_version=&#8221;4.19.4&#8243; background_enable_color=&#8221;off&#8221; use_background_color_gradient=&#8221;on&#8221; background_color_gradient_stops=&#8221;rgba(218,245,255,0) 0%|rgba(61,171,232,0.64) 0%|rgba(61,171,232,0.61) 66%|rgba(218,245,255,0) 100%&#8221; background_color_gradient_overlays_image=&#8221;on&#8221; background_image=&#8221;https:\/\/dmsc-int.com\/wp-content\/uploads\/2023\/01\/bandeau-ciel2-scaled.webp&#8221; background_enable_video_mp4=&#8221;off&#8221; custom_margin=&#8221;||||false|false&#8221; custom_margin_tablet=&#8221;||&#8221; custom_margin_last_edited=&#8221;off|desktop&#8221; custom_padding=&#8221;2%|0px|4%|0px|false|false&#8221; animation_style=&#8221;fade&#8221; animation_duration=&#8221;1350ms&#8221; locked=&#8221;off&#8221; global_colors_info=&#8221;{}&#8221;][et_pb_row disabled_on=&#8221;off|off|off&#8221; _builder_version=&#8221;4.19.4&#8243; custom_margin=&#8221;|auto||auto|false|false&#8221; custom_margin_tablet=&#8221;0px|auto||auto|false|false&#8221; custom_margin_phone=&#8221;0px||||false|false&#8221; custom_margin_last_edited=&#8221;off|desktop&#8221; global_colors_info=&#8221;{}&#8221;][et_pb_column type=&#8221;4_4&#8243; _builder_version=&#8221;4.18.0&#8243; background_enable_color=&#8221;off&#8221; custom_padding=&#8221;4%||4%||true|false&#8221; global_colors_info=&#8221;{}&#8221;][et_pb_text _builder_version=&#8221;4.19.4&#8243; text_font=&#8221;||||||||&#8221; text_text_color=&#8221;#FFFFFF&#8221; text_font_size=&#8221;20px&#8221; text_line_height=&#8221;2.4em&#8221; header_font=&#8221;||||||||&#8221; header_text_color=&#8221;#FFFFFF&#8221; header_font_size=&#8221;45px&#8221; header_letter_spacing=&#8221;1px&#8221; header_line_height=&#8221;1.3em&#8221; header_2_font=&#8221;||||||||&#8221; header_2_text_align=&#8221;left&#8221; header_2_text_color=&#8221;#FFFFFF&#8221; header_3_font=&#8221;||||||||&#8221; header_3_text_align=&#8221;left&#8221; header_3_text_color=&#8221;#FFFFFF&#8221; text_orientation=&#8221;center&#8221; text_line_height_tablet=&#8221;1.2em&#8221; text_line_height_phone=&#8221;1.2em&#8221; text_line_height_last_edited=&#8221;on|tablet&#8221; header_font_size_tablet=&#8221;30px&#8221; header_font_size_phone=&#8221;25px&#8221; header_font_size_last_edited=&#8221;on|phone&#8221; header_2_font_size_tablet=&#8221;&#8221; header_2_font_size_phone=&#8221;&#8221; header_2_font_size_last_edited=&#8221;on|phone&#8221; header_3_font_size_tablet=&#8221;&#8221; header_3_font_size_phone=&#8221;&#8221; header_3_font_size_last_edited=&#8221;on|desktop&#8221; text_text_align=&#8221;left&#8221; locked=&#8221;off&#8221; global_colors_info=&#8221;{}&#8221;]\n<h1>Blog<\/h1>\n[\/et_pb_text][\/et_pb_column][\/et_pb_row][\/et_pb_section][et_pb_section fb_built=&#8221;1&#8243; _builder_version=&#8221;4.19.4&#8243; _module_preset=&#8221;default&#8221; global_colors_info=&#8221;{}&#8221;][et_pb_row _builder_version=&#8221;4.19.4&#8243; _module_preset=&#8221;default&#8221; hover_enabled=&#8221;0&#8243; global_colors_info=&#8221;{}&#8221; sticky_enabled=&#8221;0&#8243;][et_pb_column type=&#8221;4_4&#8243; _builder_version=&#8221;4.19.4&#8243; _module_preset=&#8221;default&#8221; global_colors_info=&#8221;{}&#8221;][et_pb_blog fullwidth=&#8221;off&#8221; show_author=&#8221;off&#8221; show_date=&#8221;off&#8221; _builder_version=&#8221;4.19.4&#8243; _module_preset=&#8221;default&#8221; hover_enabled=&#8221;0&#8243; border_width_all=&#8221;0px&#8221; box_shadow_style=&#8221;preset1&#8243; box_shadow_blur=&#8221;12px&#8221; global_colors_info=&#8221;{}&#8221; sticky_enabled=&#8221;0&#8243;][\/et_pb_blog][\/et_pb_column][\/et_pb_row][\/et_pb_section]\n","protected":false},"excerpt":{"rendered":"<p>Blog<\/p>\n","protected":false},"author":20,"featured_media":0,"parent":0,"menu_order":0,"comment_status":"closed","ping_status":"closed","template":"","meta":{"_et_pb_use_builder":"on","_et_pb_old_content":"","_et_gb_content_width":"","footnotes":""},"yoast_head":"<!-- This site is optimized with the Yoast SEO plugin v24.5 - https:\/\/yoast.com\/wordpress\/plugins\/seo\/ -->\n<title>Blog - DMSC-INT<\/title>\n<meta name=\"description\" content=\"Discover the different news that will help you in your real estate project\" \/>\n<meta name=\"robots\" content=\"index, follow, max-snippet:-1, max-image-preview:large, max-video-preview:-1\" \/>\n<link rel=\"canonical\" href=\"https:\/\/dmsc-int.com\/blog\/\" \/>\n<meta property=\"og:locale\" content=\"en_US\" \/>\n<meta property=\"og:type\" content=\"article\" \/>\n<meta property=\"og:title\" content=\"Blog - DMSC-INT\" \/>\n<meta property=\"og:description\" content=\"Discover the different news that will help you in your real estate project\" \/>\n<meta property=\"og:url\" content=\"https:\/\/dmsc-int.com\/blog\/\" \/>\n<meta property=\"og:site_name\" content=\"DMSC-INT\" \/>\n<meta property=\"article:publisher\" content=\"https:\/\/www.facebook.com\/DavidMesmacqueMeulanLeVexin\/\" \/>\n<meta property=\"article:modified_time\" content=\"2023-03-07T17:22:06+00:00\" \/>\n<meta name=\"twitter:card\" content=\"summary_large_image\" \/>\n<meta name=\"twitter:label1\" content=\"Est. reading time\" \/>\n\t<meta name=\"twitter:data1\" content=\"2 minutes\" \/>\n<script type=\"application\/ld+json\" class=\"yoast-schema-graph\">{\"@context\":\"https:\/\/schema.org\",\"@graph\":[{\"@type\":\"WebPage\",\"@id\":\"https:\/\/dmsc-int.com\/blog\/\",\"url\":\"https:\/\/dmsc-int.com\/blog\/\",\"name\":\"Blog - DMSC-INT\",\"isPartOf\":{\"@id\":\"https:\/\/dmsc-int.com\/#website\"},\"datePublished\":\"2020-09-10T15:48:13+00:00\",\"dateModified\":\"2023-03-07T17:22:06+00:00\",\"description\":\"Discover the different news that will help you in your real estate project\",\"breadcrumb\":{\"@id\":\"https:\/\/dmsc-int.com\/blog\/#breadcrumb\"},\"inLanguage\":\"en-US\",\"potentialAction\":[{\"@type\":\"ReadAction\",\"target\":[\"https:\/\/dmsc-int.com\/blog\/\"]}]},{\"@type\":\"BreadcrumbList\",\"@id\":\"https:\/\/dmsc-int.com\/blog\/#breadcrumb\",\"itemListElement\":[{\"@type\":\"ListItem\",\"position\":1,\"name\":\"Accueil\",\"item\":\"https:\/\/dmsc-int.com\/en\/\"},{\"@type\":\"ListItem\",\"position\":2,\"name\":\"Blog\"}]},{\"@type\":\"WebSite\",\"@id\":\"https:\/\/dmsc-int.com\/#website\",\"url\":\"https:\/\/dmsc-int.com\/\",\"name\":\"DMSC-INT\",\"description\":\"\",\"publisher\":{\"@id\":\"https:\/\/dmsc-int.com\/#\/schema\/person\/45719c70ab2a8ace90188b1786d887ab\"},\"potentialAction\":[{\"@type\":\"SearchAction\",\"target\":{\"@type\":\"EntryPoint\",\"urlTemplate\":\"https:\/\/dmsc-int.com\/?s={search_term_string}\"},\"query-input\":{\"@type\":\"PropertyValueSpecification\",\"valueRequired\":true,\"valueName\":\"search_term_string\"}}],\"inLanguage\":\"en-US\"},{\"@type\":[\"Person\",\"Organization\"],\"@id\":\"https:\/\/dmsc-int.com\/#\/schema\/person\/45719c70ab2a8ace90188b1786d887ab\",\"name\":\"dm@dmsc-int.com\",\"image\":{\"@type\":\"ImageObject\",\"inLanguage\":\"en-US\",\"@id\":\"https:\/\/dmsc-int.com\/#\/schema\/person\/image\/\",\"url\":\"https:\/\/dmsc-int.com\/wp-content\/uploads\/2026\/04\/sign-DM-immo-or-carre.png\",\"contentUrl\":\"https:\/\/dmsc-int.com\/wp-content\/uploads\/2026\/04\/sign-DM-immo-or-carre.png\",\"width\":1024,\"height\":1024,\"caption\":\"dm@dmsc-int.com\"},\"logo\":{\"@id\":\"https:\/\/dmsc-int.com\/#\/schema\/person\/image\/\"},\"description\":\"Soci\u00e9t\u00e9 de strat\u00e9gie capitalisation et d'immobilier en plein essor, situ\u00e9e \u00e0 Meulan-En-Yvelines et \u00e0 seraincourt dans le vexin avec une exp\u00e9rience d\u00e9montr\u00e9e depuis 1992, son pr\u00e9sident David Mesmacque, au profil d\u2019\u00e9tudes complet (m\u00e9dical, informatique, marketing, finance, immobilier, coaching sportif) et fort d\u2019une exp\u00e9rience acquise de chef d\u2019entreprise depuis 1992 au sein de sa soci\u00e9t\u00e9 d'ing\u00e9nierie ACD-INC Business et strat\u00e9gie, met son talent et son savoir-faire au service des investisseurs, particuliers et entreprises.\",\"sameAs\":[\"https:\/\/dmsc-int.com\/\",\"https:\/\/www.facebook.com\/DavidMesmacqueMeulanLeVexin\/\",\"https:\/\/www.instagram.com\/dmesmacque\/\",\"https:\/\/www.linkedin.com\/company\/dmsc-int\/\"]}]}<\/script>\n<!-- \/ Yoast SEO plugin. -->","yoast_head_json":{"title":"Blog - DMSC-INT","description":"Discover the different news that will help you in your real estate project","robots":{"index":"index","follow":"follow","max-snippet":"max-snippet:-1","max-image-preview":"max-image-preview:large","max-video-preview":"max-video-preview:-1"},"canonical":"https:\/\/dmsc-int.com\/blog\/","og_locale":"en_US","og_type":"article","og_title":"Blog - DMSC-INT","og_description":"Discover the different news that will help you in your real estate project","og_url":"https:\/\/dmsc-int.com\/blog\/","og_site_name":"DMSC-INT","article_publisher":"https:\/\/www.facebook.com\/DavidMesmacqueMeulanLeVexin\/","article_modified_time":"2023-03-07T17:22:06+00:00","twitter_card":"summary_large_image","twitter_misc":{"Est. reading time":"2 minutes"},"schema":{"@context":"https:\/\/schema.org","@graph":[{"@type":"WebPage","@id":"https:\/\/dmsc-int.com\/blog\/","url":"https:\/\/dmsc-int.com\/blog\/","name":"Blog - DMSC-INT","isPartOf":{"@id":"https:\/\/dmsc-int.com\/#website"},"datePublished":"2020-09-10T15:48:13+00:00","dateModified":"2023-03-07T17:22:06+00:00","description":"Discover the different news that will help you in your real estate project","breadcrumb":{"@id":"https:\/\/dmsc-int.com\/blog\/#breadcrumb"},"inLanguage":"en-US","potentialAction":[{"@type":"ReadAction","target":["https:\/\/dmsc-int.com\/blog\/"]}]},{"@type":"BreadcrumbList","@id":"https:\/\/dmsc-int.com\/blog\/#breadcrumb","itemListElement":[{"@type":"ListItem","position":1,"name":"Accueil","item":"https:\/\/dmsc-int.com\/en\/"},{"@type":"ListItem","position":2,"name":"Blog"}]},{"@type":"WebSite","@id":"https:\/\/dmsc-int.com\/#website","url":"https:\/\/dmsc-int.com\/","name":"DMSC-INT","description":"","publisher":{"@id":"https:\/\/dmsc-int.com\/#\/schema\/person\/45719c70ab2a8ace90188b1786d887ab"},"potentialAction":[{"@type":"SearchAction","target":{"@type":"EntryPoint","urlTemplate":"https:\/\/dmsc-int.com\/?s={search_term_string}"},"query-input":{"@type":"PropertyValueSpecification","valueRequired":true,"valueName":"search_term_string"}}],"inLanguage":"en-US"},{"@type":["Person","Organization"],"@id":"https:\/\/dmsc-int.com\/#\/schema\/person\/45719c70ab2a8ace90188b1786d887ab","name":"dm@dmsc-int.com","image":{"@type":"ImageObject","inLanguage":"en-US","@id":"https:\/\/dmsc-int.com\/#\/schema\/person\/image\/","url":"https:\/\/dmsc-int.com\/wp-content\/uploads\/2026\/04\/sign-DM-immo-or-carre.png","contentUrl":"https:\/\/dmsc-int.com\/wp-content\/uploads\/2026\/04\/sign-DM-immo-or-carre.png","width":1024,"height":1024,"caption":"dm@dmsc-int.com"},"logo":{"@id":"https:\/\/dmsc-int.com\/#\/schema\/person\/image\/"},"description":"Soci\u00e9t\u00e9 de strat\u00e9gie capitalisation et d'immobilier en plein essor, situ\u00e9e \u00e0 Meulan-En-Yvelines et \u00e0 seraincourt dans le vexin avec une exp\u00e9rience d\u00e9montr\u00e9e depuis 1992, son pr\u00e9sident David Mesmacque, au profil d\u2019\u00e9tudes complet (m\u00e9dical, informatique, marketing, finance, immobilier, coaching sportif) et fort d\u2019une exp\u00e9rience acquise de chef d\u2019entreprise depuis 1992 au sein de sa soci\u00e9t\u00e9 d'ing\u00e9nierie ACD-INC Business et strat\u00e9gie, met son talent et son savoir-faire au service des investisseurs, particuliers et entreprises.","sameAs":["https:\/\/dmsc-int.com\/","https:\/\/www.facebook.com\/DavidMesmacqueMeulanLeVexin\/","https:\/\/www.instagram.com\/dmesmacque\/","https:\/\/www.linkedin.com\/company\/dmsc-int\/"]}]}},"_links":{"self":[{"href":"https:\/\/dmsc-int.com\/en\/wp-json\/wp\/v2\/pages\/5947"}],"collection":[{"href":"https:\/\/dmsc-int.com\/en\/wp-json\/wp\/v2\/pages"}],"about":[{"href":"https:\/\/dmsc-int.com\/en\/wp-json\/wp\/v2\/types\/page"}],"author":[{"embeddable":true,"href":"https:\/\/dmsc-int.com\/en\/wp-json\/wp\/v2\/users\/20"}],"replies":[{"embeddable":true,"href":"https:\/\/dmsc-int.com\/en\/wp-json\/wp\/v2\/comments?post=5947"}],"version-history":[{"count":1,"href":"https:\/\/dmsc-int.com\/en\/wp-json\/wp\/v2\/pages\/5947\/revisions"}],"predecessor-version":[{"id":5948,"href":"https:\/\/dmsc-int.com\/en\/wp-json\/wp\/v2\/pages\/5947\/revisions\/5948"}],"wp:attachment":[{"href":"https:\/\/dmsc-int.com\/en\/wp-json\/wp\/v2\/media?parent=5947"}],"curies":[{"name":"wp","href":"https:\/\/api.w.org\/{rel}","templated":true}]}}