{"id":6784,"date":"2024-07-17T15:28:55","date_gmt":"2024-07-17T15:28:55","guid":{"rendered":"https:\/\/dmsc-int.com\/download-our-white-paper\/"},"modified":"2024-07-19T13:30:52","modified_gmt":"2024-07-19T13:30:52","slug":"download-our-white-paper","status":"publish","type":"page","link":"https:\/\/dmsc-int.com\/en\/download-our-white-paper\/","title":{"rendered":"Download our white paper"},"content":{"rendered":"[et_pb_section fb_built=&#8221;1&#8243; _builder_version=&#8221;4.20.2&#8243; _module_preset=&#8221;default&#8221; global_colors_info=&#8221;{}&#8221;][et_pb_row _builder_version=&#8221;4.20.2&#8243; _module_preset=&#8221;default&#8221; global_colors_info=&#8221;{}&#8221;][et_pb_column type=&#8221;4_4&#8243; _builder_version=&#8221;4.20.2&#8243; _module_preset=&#8221;default&#8221; global_colors_info=&#8221;{}&#8221;][et_pb_post_title _builder_version=&#8221;4.20.2&#8243; _module_preset=&#8221;default&#8221; global_colors_info=&#8221;{}&#8221;][\/et_pb_post_title][\/et_pb_column][\/et_pb_row][\/et_pb_section][et_pb_section fb_built=&#8221;1&#8243; admin_label=&#8221;Header &#038; Contact&#8221; _builder_version=&#8221;4.25.1&#8243; _module_preset=&#8221;default&#8221; locked=&#8221;off&#8221; collapsed=&#8221;on&#8221; global_colors_info=&#8221;{}&#8221;][et_pb_row _builder_version=&#8221;4.25.1&#8243; _module_preset=&#8221;default&#8221; hover_enabled=&#8221;0&#8243; global_colors_info=&#8221;{}&#8221; sticky_enabled=&#8221;0&#8243;][et_pb_column type=&#8221;4_4&#8243; _builder_version=&#8221;4.25.1&#8243; _module_preset=&#8221;default&#8221; global_colors_info=&#8221;{}&#8221;][et_pb_contact_form captcha=&#8221;off&#8221; email=&#8221;mail@dmsc-int.com&#8221; _builder_version=&#8221;4.20.2&#8243; _module_preset=&#8221;d0108e0b-2934-413a-a3c4-dfafcee3b6ff&#8221; button_bg_color=&#8221;gcid-3f98729a-f325-4262-9065-9ac1c05e54f8&#8243; hover_enabled=&#8221;0&#8243; locked=&#8221;off&#8221; global_colors_info=&#8221;{%22gcid-3f98729a-f325-4262-9065-9ac1c05e54f8%22:%91%22link_text_color%22,%22quote_text_color%22,%22quote_border_color%22,%22button_bg_color%22%93}&#8221; sticky_enabled=&#8221;0&#8243;][et_pb_contact_field field_id=&#8221;Nom&#8221; field_title=&#8221;Name&#8221; fullwidth_field=&#8221;on&#8221; _builder_version=&#8221;4.20.2&#8243; _module_preset=&#8221;default&#8221; global_colors_info=&#8221;{}&#8221; button_text_size__hover_enabled=&#8221;off&#8221; button_one_text_size__hover_enabled=&#8221;off&#8221; button_two_text_size__hover_enabled=&#8221;off&#8221; button_text_color__hover_enabled=&#8221;off&#8221; button_one_text_color__hover_enabled=&#8221;off&#8221; button_two_text_color__hover_enabled=&#8221;off&#8221; button_border_width__hover_enabled=&#8221;off&#8221; button_one_border_width__hover_enabled=&#8221;off&#8221; button_two_border_width__hover_enabled=&#8221;off&#8221; button_border_color__hover_enabled=&#8221;off&#8221; button_one_border_color__hover_enabled=&#8221;off&#8221; button_two_border_color__hover_enabled=&#8221;off&#8221; button_border_radius__hover_enabled=&#8221;off&#8221; button_one_border_radius__hover_enabled=&#8221;off&#8221; button_two_border_radius__hover_enabled=&#8221;off&#8221; button_letter_spacing__hover_enabled=&#8221;off&#8221; button_one_letter_spacing__hover_enabled=&#8221;off&#8221; button_two_letter_spacing__hover_enabled=&#8221;off&#8221; button_bg_color__hover_enabled=&#8221;off&#8221; button_one_bg_color__hover_enabled=&#8221;off&#8221; button_two_bg_color__hover_enabled=&#8221;off&#8221;][\/et_pb_contact_field][et_pb_contact_field field_id=&#8221;Email&#8221; field_title=&#8221;Email Address&#8221; field_type=&#8221;email&#8221; fullwidth_field=&#8221;on&#8221; _builder_version=&#8221;4.16&#8243; _module_preset=&#8221;default&#8221; global_colors_info=&#8221;{}&#8221; button_text_size__hover_enabled=&#8221;off&#8221; button_one_text_size__hover_enabled=&#8221;off&#8221; button_two_text_size__hover_enabled=&#8221;off&#8221; button_text_color__hover_enabled=&#8221;off&#8221; button_one_text_color__hover_enabled=&#8221;off&#8221; button_two_text_color__hover_enabled=&#8221;off&#8221; button_border_width__hover_enabled=&#8221;off&#8221; button_one_border_width__hover_enabled=&#8221;off&#8221; button_two_border_width__hover_enabled=&#8221;off&#8221; button_border_color__hover_enabled=&#8221;off&#8221; button_one_border_color__hover_enabled=&#8221;off&#8221; button_two_border_color__hover_enabled=&#8221;off&#8221; button_border_radius__hover_enabled=&#8221;off&#8221; button_one_border_radius__hover_enabled=&#8221;off&#8221; button_two_border_radius__hover_enabled=&#8221;off&#8221; button_letter_spacing__hover_enabled=&#8221;off&#8221; button_one_letter_spacing__hover_enabled=&#8221;off&#8221; button_two_letter_spacing__hover_enabled=&#8221;off&#8221; button_bg_color__hover_enabled=&#8221;off&#8221; button_one_bg_color__hover_enabled=&#8221;off&#8221; button_two_bg_color__hover_enabled=&#8221;off&#8221;][\/et_pb_contact_field][et_pb_contact_field field_id=&#8221;Message&#8221; field_title=&#8221;Message&#8221; field_type=&#8221;text&#8221; fullwidth_field=&#8221;on&#8221; _builder_version=&#8221;4.16&#8243; _module_preset=&#8221;default&#8221; global_colors_info=&#8221;{}&#8221; button_text_size__hover_enabled=&#8221;off&#8221; button_one_text_size__hover_enabled=&#8221;off&#8221; button_two_text_size__hover_enabled=&#8221;off&#8221; button_text_color__hover_enabled=&#8221;off&#8221; button_one_text_color__hover_enabled=&#8221;off&#8221; button_two_text_color__hover_enabled=&#8221;off&#8221; button_border_width__hover_enabled=&#8221;off&#8221; button_one_border_width__hover_enabled=&#8221;off&#8221; button_two_border_width__hover_enabled=&#8221;off&#8221; button_border_color__hover_enabled=&#8221;off&#8221; button_one_border_color__hover_enabled=&#8221;off&#8221; button_two_border_color__hover_enabled=&#8221;off&#8221; button_border_radius__hover_enabled=&#8221;off&#8221; button_one_border_radius__hover_enabled=&#8221;off&#8221; button_two_border_radius__hover_enabled=&#8221;off&#8221; button_letter_spacing__hover_enabled=&#8221;off&#8221; button_one_letter_spacing__hover_enabled=&#8221;off&#8221; button_two_letter_spacing__hover_enabled=&#8221;off&#8221; button_bg_color__hover_enabled=&#8221;off&#8221; button_one_bg_color__hover_enabled=&#8221;off&#8221; button_two_bg_color__hover_enabled=&#8221;off&#8221;][\/et_pb_contact_field][\/et_pb_contact_form][\/et_pb_column][\/et_pb_row][\/et_pb_section][et_pb_section fb_built=&#8221;1&#8243; admin_label=&#8221;Footer&#8221; _builder_version=&#8221;4.25.1&#8243; _module_preset=&#8221;default&#8221; saved_tabs=&#8221;all&#8221; collapsed=&#8221;on&#8221; global_colors_info=&#8221;{}&#8221;][et_pb_row _builder_version=&#8221;4.25.1&#8243; _module_preset=&#8221;default&#8221; global_colors_info=&#8221;{}&#8221;][et_pb_column type=&#8221;4_4&#8243; _builder_version=&#8221;4.25.1&#8243; _module_preset=&#8221;default&#8221; global_colors_info=&#8221;{}&#8221;][et_pb_image src=&#8221;@ET-DC@eyJkeW5hbWljIjp0cnVlLCJjb250ZW50Ijoic2l0ZV9sb2dvIiwic2V0dGluZ3MiOnt9fQ==@&#8221; align=&#8221;center&#8221; _builder_version=&#8221;4.25.1&#8243; _dynamic_attributes=&#8221;src&#8221; _module_preset=&#8221;default&#8221; global_colors_info=&#8221;{}&#8221;][\/et_pb_image][\/et_pb_column][\/et_pb_row][\/et_pb_section]\n","protected":false},"excerpt":{"rendered":"","protected":false},"author":20,"featured_media":0,"parent":0,"menu_order":0,"comment_status":"closed","ping_status":"closed","template":"","meta":{"_et_pb_use_builder":"on","_et_pb_old_content":"","_et_gb_content_width":"","footnotes":""},"yoast_head":"<!-- This site is optimized with the Yoast SEO plugin v24.5 - https:\/\/yoast.com\/wordpress\/plugins\/seo\/ -->\n<title>Download our white paper - DMSC-INT<\/title>\n<meta name=\"robots\" content=\"index, follow, max-snippet:-1, max-image-preview:large, max-video-preview:-1\" \/>\n<link rel=\"canonical\" href=\"https:\/\/dmsc-int.com\/telecharger-notre-livre-blanc\/\" \/>\n<meta property=\"og:locale\" content=\"en_US\" \/>\n<meta property=\"og:type\" content=\"article\" \/>\n<meta property=\"og:title\" content=\"Download our white paper - DMSC-INT\" \/>\n<meta property=\"og:url\" content=\"https:\/\/dmsc-int.com\/telecharger-notre-livre-blanc\/\" \/>\n<meta property=\"og:site_name\" content=\"DMSC-INT\" \/>\n<meta property=\"article:publisher\" content=\"https:\/\/www.facebook.com\/DavidMesmacqueMeulanLeVexin\/\" \/>\n<meta property=\"article:modified_time\" content=\"2024-07-19T13:30:52+00:00\" \/>\n<meta name=\"twitter:card\" content=\"summary_large_image\" \/>\n<meta name=\"twitter:label1\" content=\"Est. reading time\" \/>\n\t<meta name=\"twitter:data1\" content=\"4 minutes\" \/>\n<script type=\"application\/ld+json\" class=\"yoast-schema-graph\">{\"@context\":\"https:\/\/schema.org\",\"@graph\":[{\"@type\":\"WebPage\",\"@id\":\"https:\/\/dmsc-int.com\/telecharger-notre-livre-blanc\/\",\"url\":\"https:\/\/dmsc-int.com\/telecharger-notre-livre-blanc\/\",\"name\":\"Download our white paper - DMSC-INT\",\"isPartOf\":{\"@id\":\"https:\/\/dmsc-int.com\/#website\"},\"datePublished\":\"2024-07-17T15:28:55+00:00\",\"dateModified\":\"2024-07-19T13:30:52+00:00\",\"breadcrumb\":{\"@id\":\"https:\/\/dmsc-int.com\/telecharger-notre-livre-blanc\/#breadcrumb\"},\"inLanguage\":\"en-US\",\"potentialAction\":[{\"@type\":\"ReadAction\",\"target\":[\"https:\/\/dmsc-int.com\/telecharger-notre-livre-blanc\/\"]}]},{\"@type\":\"BreadcrumbList\",\"@id\":\"https:\/\/dmsc-int.com\/telecharger-notre-livre-blanc\/#breadcrumb\",\"itemListElement\":[{\"@type\":\"ListItem\",\"position\":1,\"name\":\"Accueil\",\"item\":\"https:\/\/dmsc-int.com\/en\/\"},{\"@type\":\"ListItem\",\"position\":2,\"name\":\"Download our white paper\"}]},{\"@type\":\"WebSite\",\"@id\":\"https:\/\/dmsc-int.com\/#website\",\"url\":\"https:\/\/dmsc-int.com\/\",\"name\":\"DMSC-INT\",\"description\":\"\",\"publisher\":{\"@id\":\"https:\/\/dmsc-int.com\/#\/schema\/person\/45719c70ab2a8ace90188b1786d887ab\"},\"potentialAction\":[{\"@type\":\"SearchAction\",\"target\":{\"@type\":\"EntryPoint\",\"urlTemplate\":\"https:\/\/dmsc-int.com\/?s={search_term_string}\"},\"query-input\":{\"@type\":\"PropertyValueSpecification\",\"valueRequired\":true,\"valueName\":\"search_term_string\"}}],\"inLanguage\":\"en-US\"},{\"@type\":[\"Person\",\"Organization\"],\"@id\":\"https:\/\/dmsc-int.com\/#\/schema\/person\/45719c70ab2a8ace90188b1786d887ab\",\"name\":\"dm@dmsc-int.com\",\"image\":{\"@type\":\"ImageObject\",\"inLanguage\":\"en-US\",\"@id\":\"https:\/\/dmsc-int.com\/#\/schema\/person\/image\/\",\"url\":\"https:\/\/dmsc-int.com\/wp-content\/uploads\/2026\/04\/sign-DM-immo-or-carre.png\",\"contentUrl\":\"https:\/\/dmsc-int.com\/wp-content\/uploads\/2026\/04\/sign-DM-immo-or-carre.png\",\"width\":1024,\"height\":1024,\"caption\":\"dm@dmsc-int.com\"},\"logo\":{\"@id\":\"https:\/\/dmsc-int.com\/#\/schema\/person\/image\/\"},\"description\":\"Soci\u00e9t\u00e9 de strat\u00e9gie capitalisation et d'immobilier en plein essor, situ\u00e9e \u00e0 Meulan-En-Yvelines et \u00e0 seraincourt dans le vexin avec une exp\u00e9rience d\u00e9montr\u00e9e depuis 1992, son pr\u00e9sident David Mesmacque, au profil d\u2019\u00e9tudes complet (m\u00e9dical, informatique, marketing, finance, immobilier, coaching sportif) et fort d\u2019une exp\u00e9rience acquise de chef d\u2019entreprise depuis 1992 au sein de sa soci\u00e9t\u00e9 d'ing\u00e9nierie ACD-INC Business et strat\u00e9gie, met son talent et son savoir-faire au service des investisseurs, particuliers et entreprises.\",\"sameAs\":[\"https:\/\/dmsc-int.com\/\",\"https:\/\/www.facebook.com\/DavidMesmacqueMeulanLeVexin\/\",\"https:\/\/www.instagram.com\/dmesmacque\/\",\"https:\/\/www.linkedin.com\/company\/dmsc-int\/\"]}]}<\/script>\n<!-- \/ Yoast SEO plugin. -->","yoast_head_json":{"title":"Download our white paper - DMSC-INT","robots":{"index":"index","follow":"follow","max-snippet":"max-snippet:-1","max-image-preview":"max-image-preview:large","max-video-preview":"max-video-preview:-1"},"canonical":"https:\/\/dmsc-int.com\/telecharger-notre-livre-blanc\/","og_locale":"en_US","og_type":"article","og_title":"Download our white paper - DMSC-INT","og_url":"https:\/\/dmsc-int.com\/telecharger-notre-livre-blanc\/","og_site_name":"DMSC-INT","article_publisher":"https:\/\/www.facebook.com\/DavidMesmacqueMeulanLeVexin\/","article_modified_time":"2024-07-19T13:30:52+00:00","twitter_card":"summary_large_image","twitter_misc":{"Est. reading time":"4 minutes"},"schema":{"@context":"https:\/\/schema.org","@graph":[{"@type":"WebPage","@id":"https:\/\/dmsc-int.com\/telecharger-notre-livre-blanc\/","url":"https:\/\/dmsc-int.com\/telecharger-notre-livre-blanc\/","name":"Download our white paper - DMSC-INT","isPartOf":{"@id":"https:\/\/dmsc-int.com\/#website"},"datePublished":"2024-07-17T15:28:55+00:00","dateModified":"2024-07-19T13:30:52+00:00","breadcrumb":{"@id":"https:\/\/dmsc-int.com\/telecharger-notre-livre-blanc\/#breadcrumb"},"inLanguage":"en-US","potentialAction":[{"@type":"ReadAction","target":["https:\/\/dmsc-int.com\/telecharger-notre-livre-blanc\/"]}]},{"@type":"BreadcrumbList","@id":"https:\/\/dmsc-int.com\/telecharger-notre-livre-blanc\/#breadcrumb","itemListElement":[{"@type":"ListItem","position":1,"name":"Accueil","item":"https:\/\/dmsc-int.com\/en\/"},{"@type":"ListItem","position":2,"name":"Download our white paper"}]},{"@type":"WebSite","@id":"https:\/\/dmsc-int.com\/#website","url":"https:\/\/dmsc-int.com\/","name":"DMSC-INT","description":"","publisher":{"@id":"https:\/\/dmsc-int.com\/#\/schema\/person\/45719c70ab2a8ace90188b1786d887ab"},"potentialAction":[{"@type":"SearchAction","target":{"@type":"EntryPoint","urlTemplate":"https:\/\/dmsc-int.com\/?s={search_term_string}"},"query-input":{"@type":"PropertyValueSpecification","valueRequired":true,"valueName":"search_term_string"}}],"inLanguage":"en-US"},{"@type":["Person","Organization"],"@id":"https:\/\/dmsc-int.com\/#\/schema\/person\/45719c70ab2a8ace90188b1786d887ab","name":"dm@dmsc-int.com","image":{"@type":"ImageObject","inLanguage":"en-US","@id":"https:\/\/dmsc-int.com\/#\/schema\/person\/image\/","url":"https:\/\/dmsc-int.com\/wp-content\/uploads\/2026\/04\/sign-DM-immo-or-carre.png","contentUrl":"https:\/\/dmsc-int.com\/wp-content\/uploads\/2026\/04\/sign-DM-immo-or-carre.png","width":1024,"height":1024,"caption":"dm@dmsc-int.com"},"logo":{"@id":"https:\/\/dmsc-int.com\/#\/schema\/person\/image\/"},"description":"Soci\u00e9t\u00e9 de strat\u00e9gie capitalisation et d'immobilier en plein essor, situ\u00e9e \u00e0 Meulan-En-Yvelines et \u00e0 seraincourt dans le vexin avec une exp\u00e9rience d\u00e9montr\u00e9e depuis 1992, son pr\u00e9sident David Mesmacque, au profil d\u2019\u00e9tudes complet (m\u00e9dical, informatique, marketing, finance, immobilier, coaching sportif) et fort d\u2019une exp\u00e9rience acquise de chef d\u2019entreprise depuis 1992 au sein de sa soci\u00e9t\u00e9 d'ing\u00e9nierie ACD-INC Business et strat\u00e9gie, met son talent et son savoir-faire au service des investisseurs, particuliers et entreprises.","sameAs":["https:\/\/dmsc-int.com\/","https:\/\/www.facebook.com\/DavidMesmacqueMeulanLeVexin\/","https:\/\/www.instagram.com\/dmesmacque\/","https:\/\/www.linkedin.com\/company\/dmsc-int\/"]}]}},"_links":{"self":[{"href":"https:\/\/dmsc-int.com\/en\/wp-json\/wp\/v2\/pages\/6784"}],"collection":[{"href":"https:\/\/dmsc-int.com\/en\/wp-json\/wp\/v2\/pages"}],"about":[{"href":"https:\/\/dmsc-int.com\/en\/wp-json\/wp\/v2\/types\/page"}],"author":[{"embeddable":true,"href":"https:\/\/dmsc-int.com\/en\/wp-json\/wp\/v2\/users\/20"}],"replies":[{"embeddable":true,"href":"https:\/\/dmsc-int.com\/en\/wp-json\/wp\/v2\/comments?post=6784"}],"version-history":[{"count":1,"href":"https:\/\/dmsc-int.com\/en\/wp-json\/wp\/v2\/pages\/6784\/revisions"}],"predecessor-version":[{"id":6785,"href":"https:\/\/dmsc-int.com\/en\/wp-json\/wp\/v2\/pages\/6784\/revisions\/6785"}],"wp:attachment":[{"href":"https:\/\/dmsc-int.com\/en\/wp-json\/wp\/v2\/media?parent=6784"}],"curies":[{"name":"wp","href":"https:\/\/api.w.org\/{rel}","templated":true}]}}